{"id":39,"date":"2021-11-18T14:19:08","date_gmt":"2021-11-18T14:19:08","guid":{"rendered":"https:\/\/northpointcenter.hu\/?page_id=39"},"modified":"2026-03-17T09:28:37","modified_gmt":"2026-03-17T09:28:37","slug":"introduction","status":"publish","type":"page","link":"https:\/\/northpointcenter.hu\/?page_id=39","title":{"rendered":"Introduction"},"content":{"rendered":"\n<p>The building is located in Budapest 13th district, R\u00f3bert K\u00e1roly K\u00f6r\u00fat 64-66, on the corner of Csata utca.<br>The owner is R\u00f3bert K\u00e1roly krt. Irodah\u00e1z Kft. a company which is a 100 % subsidiary of the Austrian company Raiffeisen Property Management GmbH.<\/p>\n\n\n\n<h2 class=\"wp-block-heading\">The building<\/h2>\n\n\n\n<p>The building, completed in March 1998, consists of a ground floor and five upper floors, constructed as a concrete steel skeleton.<br>The fa\u00e7ade consists of an aluminium construction out of powder coated aluminium profiles with glazing.<br>The internal load bearing walls are constructed out of reinforced concrete, the office partitioning walls are made of 10 cm plasterboard walls double plated on each side. Roof construction is designed as a round roof with air circulation.<\/p>\n\n\n\n<h2 class=\"wp-block-heading\">Division of the property<\/h2>\n\n\n\n<p>Ground floor Petrol station with secondary structure, building service engineering and garage entrance 1<sup>st<\/sup> \u2013&nbsp; 5<sup>th<\/sup> . Upper floor 2 parking floors, 2 staircases with elevators, offices, sanitary area and tea kitchen.<\/p>\n\n\n\n<figure class=\"wp-block-image\"><img loading=\"lazy\" decoding=\"async\" width=\"851\" height=\"590\" src=\"https:\/\/northpointcenter.hu\/wp-content\/uploads\/2012\/01\/irodahaz.jpg\" alt=\"irodahaz\" class=\"wp-image-1\" srcset=\"https:\/\/northpointcenter.hu\/wp-content\/uploads\/2012\/01\/irodahaz.jpg 851w, https:\/\/northpointcenter.hu\/wp-content\/uploads\/2012\/01\/irodahaz-600x416.jpg 600w, https:\/\/northpointcenter.hu\/wp-content\/uploads\/2012\/01\/irodahaz-300x208.jpg 300w, https:\/\/northpointcenter.hu\/wp-content\/uploads\/2012\/01\/irodahaz-768x532.jpg 768w\" sizes=\"auto, (max-width: 851px) 100vw, 851px\" \/><\/figure>\n\n\n\n<p>The office building was re-certified by SHORE Safe Asset Group in 2025.<\/p>\n\n\n\n<figure class=\"wp-block-image size-large\"><img loading=\"lazy\" decoding=\"async\" width=\"725\" height=\"1024\" src=\"https:\/\/northpointcenter.hu\/wp-content\/uploads\/2025\/01\/RK_Certificate_Shore_safe-asset_NPC_20241113_page-0001-725x1024.jpg\" alt=\"\" class=\"wp-image-289\" srcset=\"https:\/\/northpointcenter.hu\/wp-content\/uploads\/2025\/01\/RK_Certificate_Shore_safe-asset_NPC_20241113_page-0001-725x1024.jpg 725w, https:\/\/northpointcenter.hu\/wp-content\/uploads\/2025\/01\/RK_Certificate_Shore_safe-asset_NPC_20241113_page-0001-212x300.jpg 212w, https:\/\/northpointcenter.hu\/wp-content\/uploads\/2025\/01\/RK_Certificate_Shore_safe-asset_NPC_20241113_page-0001-768x1085.jpg 768w, https:\/\/northpointcenter.hu\/wp-content\/uploads\/2025\/01\/RK_Certificate_Shore_safe-asset_NPC_20241113_page-0001-1087x1536.jpg 1087w, https:\/\/northpointcenter.hu\/wp-content\/uploads\/2025\/01\/RK_Certificate_Shore_safe-asset_NPC_20241113_page-0001.jpg 1241w\" sizes=\"auto, (max-width: 725px) 100vw, 725px\" \/><\/figure>\n\n\n\n<p>In 2024 the building was certified by Access4You and reached the &#8216;Silver&#8221; category.  North Point Center welcomes visitors in a barrier-free environment, including wheelchair users, the elderly, individuals with limited mobility, those with strollers, visually impaired persons, and visitors with cognitive disabilities.<\/p>\n\n\n\n<figure class=\"wp-block-image size-large\"><img loading=\"lazy\" decoding=\"async\" width=\"1024\" height=\"734\" src=\"https:\/\/northpointcenter.hu\/wp-content\/uploads\/2025\/01\/EN_Access4You_Silver_Certificate_NorthPointCenter_page-0001-1024x734.jpg\" alt=\"\" class=\"wp-image-310\" srcset=\"https:\/\/northpointcenter.hu\/wp-content\/uploads\/2025\/01\/EN_Access4You_Silver_Certificate_NorthPointCenter_page-0001-1024x734.jpg 1024w, https:\/\/northpointcenter.hu\/wp-content\/uploads\/2025\/01\/EN_Access4You_Silver_Certificate_NorthPointCenter_page-0001-300x215.jpg 300w, https:\/\/northpointcenter.hu\/wp-content\/uploads\/2025\/01\/EN_Access4You_Silver_Certificate_NorthPointCenter_page-0001-768x551.jpg 768w, https:\/\/northpointcenter.hu\/wp-content\/uploads\/2025\/01\/EN_Access4You_Silver_Certificate_NorthPointCenter_page-0001-1536x1101.jpg 1536w, https:\/\/northpointcenter.hu\/wp-content\/uploads\/2025\/01\/EN_Access4You_Silver_Certificate_NorthPointCenter_page-0001.jpg 1813w\" sizes=\"auto, (max-width: 1024px) 100vw, 1024px\" \/><\/figure>\n\n\n\n<h2 class=\"wp-block-heading\">Lettable Area<\/h2>\n\n\n\n<p>Parking:<\/p>\n\n\n\n<figure class=\"wp-block-table\"><table><tbody><tr><td>The total lettable area offices and storage<\/td><td>4.750 sqm<\/td><\/tr><tr><td>102 parking places are located in the garage.<\/td><\/tr><tr><td>Available:<\/td><td>40 places<\/td><\/tr><tr><td>The number of surface parking lots: 14<\/td><\/tr><tr><td>Available:<\/td><td>5 places<\/td><\/tr><tr><td>Available total Parking:<\/td><td><strong>45 places<\/strong><\/td><\/tr><\/tbody><\/table><\/figure>\n\n\n\n<p>Parking Rent:<\/p>\n\n\n\n<figure class=\"wp-block-table\"><table><tbody><tr><td>Garage:<\/td><td><strong>90<\/strong> EUR \/ car\/month + VAT<\/td><\/tr><tr><td>Yard:<\/td><td><strong>55<\/strong> EUR \/ car\/month + VAT<\/td><\/tr><\/tbody><\/table><\/figure>\n\n\n\n<hr class=\"wp-block-separator has-css-opacity\"\/>\n\n\n\n<p>Office rent:<\/p>\n\n\n\n<figure class=\"wp-block-table\"><table><tbody><tr><td><strong>Side \u201eA+B+C\u201d<\/strong>&nbsp;<\/td><td><strong>8,5<\/strong>&nbsp;EUR\/sqm\/month + VAT&nbsp;<\/td><\/tr><\/tbody><\/table><\/figure>\n\n\n\n<h3 class=\"wp-block-heading\">Service charge<\/h3>\n\n\n\n<figure class=\"wp-block-table\"><table><tbody><tr><td><strong>Side \u201eA+B+C\u201d<\/strong>&nbsp;<\/td><td><strong>5<\/strong> EUR\/sqm\/month + VAT&nbsp;<\/td><\/tr><\/tbody><\/table><\/figure>\n\n\n\n<h3 class=\"wp-block-heading\">Electricity consumption:<\/h3>\n\n\n\n<figure class=\"wp-block-table\"><table><tbody><tr><td><strong>Side &#8220;A+B+C&#8221; &nbsp;&nbsp;<\/strong><\/td><td><strong>2,85<\/strong> EUR\/sqm\/month + VAT<\/td><\/tr><\/tbody><\/table><\/figure>\n\n\n\n<div style=\"height:30px\" aria-hidden=\"true\" class=\"wp-block-spacer\"><\/div>\n\n\n\n<h2 class=\"wp-block-heading\">Plan<\/h2>\n\n\n\n<figure class=\"wp-block-table\"><table><tbody><tr><td><strong>Side &#8220;A&#8221;<\/strong><\/td><td><strong>&nbsp; &nbsp; &nbsp; &nbsp; &nbsp;Side &#8220;B&#8221;<\/strong>&nbsp;<\/td><td><strong>Side &#8220;C&#8221;<\/strong><\/td><\/tr><\/tbody><\/table><\/figure>\n\n\n\n<figure class=\"wp-block-image size-large\"><img decoding=\"async\" src=\"https:\/\/northpointcenter.hu\/wp-content\/uploads\/2021\/11\/terkep-1024x682.jpg\" alt=\"\"\/><\/figure>\n\n\n\n<div style=\"height:29px\" aria-hidden=\"true\" class=\"wp-block-spacer\"><\/div>\n\n\n\n<h1 class=\"wp-block-heading\">Small Offices<\/h1>\n\n\n\n<h2 class=\"wp-block-heading\" id=\"block-b0549b3e-88c0-4668-81a1-3d1ba291d5a5\">SMALL SIZED OFFICE SPACE FOR LEASE<\/h2>\n\n\n\n<p><img loading=\"lazy\" decoding=\"async\" width=\"600\" height=\"230\" src=\"https:\/\/northpointcenter.hu\/wp-content\/uploads\/2012\/01\/kisiroda.jpg\" alt=\"kisiroda\"> <\/p>\n\n\n\n<p>Air conditioned offices with a nice view are available for rent with immediate occupancy on the 5th floor.<\/p>\n\n\n\n<ul class=\"wp-block-list\">\n<li>Size:&nbsp;26-250 sqm<\/li>\n\n\n\n<li>Office rent: 8,50 EUR +VAT\/sqm\/month<\/li>\n\n\n\n<li>Service charge: 5 EUR+VAT\/sqm\/month<\/li>\n\n\n\n<li>Electricity consumption: 2,85 EUR+VAT\/sqm\/month<\/li>\n<\/ul>\n\n\n\n<div style=\"height:30px\" aria-hidden=\"true\" class=\"wp-block-spacer\"><\/div>\n\n\n\n<h1 class=\"wp-block-heading\">Technical description<\/h1>\n\n\n\n<p id=\"block-8978966d-36a0-48b7-8dc0-140af6bf1501\">Heating\/Cooling, Ventilation The heating and cooling of office area is provided by means of parapet-mounted 4 pipe fancoil units. The office and common areas are supplied with fresh air by means of mechanical ventilation system combined with a heat recovery device. Cabling Telephone, computer and other cabling to workstation is done in cable shafts, cable trays in the suspended ceiling. Sanitary units There is at least one kitchenette and one toilet-block on every office level in each building wing. Floor coverings Floors in the office areas are carpeted or covered with laminated wood, in sanitary units with ceramic tiles. Access and Security Installations Both entrance halls in the Ground Floor and the office entries from the individual parking decks have electric door openers, inter-communication- and video systems. Both garage entrance and exit barriers have video control, a key locking system and a communication system to the porter\u2019s desks. Fire Alarm System Co Warning Device<\/p>\n\n\n\n<p><\/p>\n","protected":false},"excerpt":{"rendered":"<p>The building is located in Budapest 13th district, R\u00f3bert K\u00e1roly K\u00f6r\u00fat 64-66, on the corner of Csata utca.The owner is R\u00f3bert K\u00e1roly krt. Irodah\u00e1z &hellip; <a href=\"https:\/\/northpointcenter.hu\/?page_id=39\" class=\"readmore\">More <span class=\"screen-reader-text\">Introduction<\/span> &raquo;<\/a><\/p>\n","protected":false},"author":1,"featured_media":0,"parent":0,"menu_order":0,"comment_status":"closed","ping_status":"closed","template":"","meta":{"footnotes":""},"class_list":["post-39","page","type-page","status-publish","hentry"],"_links":{"self":[{"href":"https:\/\/northpointcenter.hu\/index.php?rest_route=\/wp\/v2\/pages\/39","targetHints":{"allow":["GET"]}}],"collection":[{"href":"https:\/\/northpointcenter.hu\/index.php?rest_route=\/wp\/v2\/pages"}],"about":[{"href":"https:\/\/northpointcenter.hu\/index.php?rest_route=\/wp\/v2\/types\/page"}],"author":[{"embeddable":true,"href":"https:\/\/northpointcenter.hu\/index.php?rest_route=\/wp\/v2\/users\/1"}],"replies":[{"embeddable":true,"href":"https:\/\/northpointcenter.hu\/index.php?rest_route=%2Fwp%2Fv2%2Fcomments&post=39"}],"version-history":[{"count":19,"href":"https:\/\/northpointcenter.hu\/index.php?rest_route=\/wp\/v2\/pages\/39\/revisions"}],"predecessor-version":[{"id":334,"href":"https:\/\/northpointcenter.hu\/index.php?rest_route=\/wp\/v2\/pages\/39\/revisions\/334"}],"wp:attachment":[{"href":"https:\/\/northpointcenter.hu\/index.php?rest_route=%2Fwp%2Fv2%2Fmedia&parent=39"}],"curies":[{"name":"wp","href":"https:\/\/api.w.org\/{rel}","templated":true}]}}