{"id":37,"date":"2021-11-18T14:18:00","date_gmt":"2021-11-18T14:18:00","guid":{"rendered":"https:\/\/northpointcenter.hu\/?page_id=37"},"modified":"2026-03-17T09:27:54","modified_gmt":"2026-03-17T09:27:54","slug":"elhelyezkedes","status":"publish","type":"page","link":"https:\/\/northpointcenter.hu\/?page_id=37","title":{"rendered":"Elhelyezked\u00e9s"},"content":{"rendered":"\n<p>A North Point Center az M3 aut\u00f3p\u00e1lya k\u00f6zel\u00e9ben helyezkedik el, k\u00f6zel a V\u00e1ci folyos\u00f3hoz. Az M3 metr\u00f3 5 perc s\u00e9t\u00e1ra, az 1-es villamos 2 percre tal\u00e1lhat\u00f3.<\/p>\n\n\n\n<p><strong>Megk\u00f6zel\u00edt\u00e9s:<\/strong><\/p>\n\n\n\n<ul class=\"wp-block-list\">\n<li>a v\u00e1rosk\u00f6zpontb\u00f3l a V\u00e1ci \u00faton kereszt\u00fcl,<\/li>\n\n\n\n<li>Bud\u00e1r\u00f3l az \u00c1rp\u00e1d h\u00eddon,<\/li>\n\n\n\n<li>az orsz\u00e1g b\u00e1rmely pontj\u00e1r\u00f3l az M1-es, az M3-as \u00e9s az M7-es aut\u00f3p\u00e1ly\u00e1n<\/li>\n<\/ul>\n\n\n\n<p><\/p>\n\n\n\n<iframe src=\"https:\/\/www.google.com\/maps\/embed?pb=!1m18!1m12!1m3!1d2694.067976148392!2d19.073494515627765!3d47.52753957917945!2m3!1f0!2f0!3f0!3m2!1i1024!2i768!4f13.1!3m3!1m2!1s0x4741db9251c45c97%3A0xb27fb1a9570b36f0!2zQnVkYXBlc3QsIFLDs2JlcnQgS8Ohcm9seSBrw7Zyw7p0IDY0LTY2LCAxMTM0!5e0!3m2!1shu!2shu!4v1637245048564!5m2!1shu!2shu\" style=\"border:0;\" allowfullscreen=\"\" loading=\"lazy\" width=\"600\" height=\"450\"><\/iframe>\n","protected":false},"excerpt":{"rendered":"<p>A North Point Center az M3 aut\u00f3p\u00e1lya k\u00f6zel\u00e9ben helyezkedik el, k\u00f6zel a V\u00e1ci folyos\u00f3hoz. Az M3 metr\u00f3 5 perc s\u00e9t\u00e1ra, az 1-es villamos 2 &hellip; <a href=\"https:\/\/northpointcenter.hu\/?page_id=37\" class=\"readmore\">More <span class=\"screen-reader-text\">Elhelyezked\u00e9s<\/span> &raquo;<\/a><\/p>\n","protected":false},"author":1,"featured_media":0,"parent":0,"menu_order":0,"comment_status":"closed","ping_status":"closed","template":"","meta":{"footnotes":""},"class_list":["post-37","page","type-page","status-publish","hentry"],"_links":{"self":[{"href":"https:\/\/northpointcenter.hu\/index.php?rest_route=\/wp\/v2\/pages\/37","targetHints":{"allow":["GET"]}}],"collection":[{"href":"https:\/\/northpointcenter.hu\/index.php?rest_route=\/wp\/v2\/pages"}],"about":[{"href":"https:\/\/northpointcenter.hu\/index.php?rest_route=\/wp\/v2\/types\/page"}],"author":[{"embeddable":true,"href":"https:\/\/northpointcenter.hu\/index.php?rest_route=\/wp\/v2\/users\/1"}],"replies":[{"embeddable":true,"href":"https:\/\/northpointcenter.hu\/index.php?rest_route=%2Fwp%2Fv2%2Fcomments&post=37"}],"version-history":[{"count":4,"href":"https:\/\/northpointcenter.hu\/index.php?rest_route=\/wp\/v2\/pages\/37\/revisions"}],"predecessor-version":[{"id":333,"href":"https:\/\/northpointcenter.hu\/index.php?rest_route=\/wp\/v2\/pages\/37\/revisions\/333"}],"wp:attachment":[{"href":"https:\/\/northpointcenter.hu\/index.php?rest_route=%2Fwp%2Fv2%2Fmedia&parent=37"}],"curies":[{"name":"wp","href":"https:\/\/api.w.org\/{rel}","templated":true}]}}