{"id":34,"date":"2021-11-18T14:14:49","date_gmt":"2021-11-18T14:14:49","guid":{"rendered":"https:\/\/northpointcenter.hu\/?page_id=34"},"modified":"2021-11-18T20:33:48","modified_gmt":"2021-11-18T20:33:48","slug":"muszaki-informaciok","status":"publish","type":"page","link":"https:\/\/northpointcenter.hu\/?page_id=34","title":{"rendered":"M\u0171szaki le\u00edr\u00e1s"},"content":{"rendered":"\n<h3 class=\"wp-block-heading\">F\u0171t\u00e9s + h\u0171t\u00e9s, l\u00e9gtechnika<\/h3>\n\n\n\n<p>Az irodahelyis\u00e9gek f\u0171t\u00e9s\u00e9t \u00e9s h\u0171t\u00e9s\u00e9t 4 cs\u00f6ves fan-coil k\u00e9sz\u00fcl\u00e9kek l\u00e1tj\u00e1k el. Az irod\u00e1k friss leveg\u0151vel val\u00f3 ell\u00e1t\u00e1s\u00e1t mechanikus, h\u0151-visszanyer\u0151 l\u00e9gbef\u00fav\u00f3 \u00e9s szell\u0151ztet\u0151 berendez\u00e9s biztos\u00edtja.<\/p>\n\n\n\n<h3 class=\"wp-block-heading\">K\u00e1belez\u00e9s<\/h3>\n\n\n\n<p>A telefonvezet\u00e9kek, a sz\u00e1m\u00edt\u00f3g\u00e9pek k\u00e1beleinek fektet\u00e9se \u00e9s egy\u00e9b k\u00e1belez\u00e9s parapet-csatorn\u00e1kban, illetve a k\u00e1belek tart\u00f3 s\u00ednei az \u00e1lmennyezetben vannak vezetve.<\/p>\n\n\n\n<h3 class=\"wp-block-heading\">Szoci\u00e1lis helyis\u00e9gek<\/h3>\n\n\n\n<p>Minden szinten minden \u00e9p\u00fcletsz\u00e1rnyban minimum egy-egy mosd\u00f3blokk \u00e9s teakonyha ker\u00fclt kialak\u00edt\u00e1sra.<\/p>\n\n\n\n<h3 class=\"wp-block-heading\">Burkolatok<\/h3>\n\n\n\n<p>Az irodater\u00fcleteken padl\u00f3sz\u0151nyeg vagy lamin\u00e1lt padl\u00f3burkolat, a vizes helyis\u00e9gekben hidegburkolat.<\/p>\n\n\n\n<h3 class=\"wp-block-heading\">Bel\u00e9ptet\u0151 \u00e9s egy\u00e9b biztons\u00e1gi rendszerek<\/h3>\n\n\n\n<p>A f\u00f6ldszinti bej\u00e1ratok el\u0151terei \u00e9s az irod\u00e1k szintek parkol\u00f3-szintek fel\u0151li bej\u00e1ratai elektromos ajt\u00f3nyit\u00f3val, duplex telefonrendszerrel \u00e9s vide\u00f3 megfigyel\u0151 rendszerrel vannak felszerelve. A gar\u00e1zs be- \u00e9s kij\u00e1rati soromp\u00f3it kamer\u00e1s rendszer fel\u00fcgyeli, kulccsal z\u00e1rhat\u00f3ak \u00e9s telefonos kapcsolatban \u00e1llnak a recepci\u00f3s pulttal.<\/p>\n\n\n\n<h3 class=\"wp-block-heading\">T\u0171zjelz\u0151 rendszer<\/h3>\n\n\n\n<p>A t\u0171zjelz\u0151 rendszernek k\u00e9t k\u00f6zpontja van: az \u201eA\u201d \u00e9p\u00fcletben tal\u00e1lhat\u00f3 alk\u00f6zpont az \u201eA\u201d \u00e9p\u00fclethez tartozik, m\u00edg a \u201eC\u201d \u00e9p\u00fclet port\u00e1sf\u00fclk\u00e9j\u00e9ben tal\u00e1lhat\u00f3 m\u00e1sik k\u00f6zpont a \u201eB\u201d \u00e9s \u201eC\u201d \u00e9p\u00fclet irod\u00e1inak fel\u00fcgyelet\u00e9t egyar\u00e1nt ell\u00e1tja.<\/p>\n\n\n\n<h3 class=\"wp-block-heading\">CO rendszer<\/h3>\n\n\n\n<p>Mindk\u00e9t parkol\u00f3-szint sz\u00e9n-monoxid jelz\u0151berendez\u00e9ssel \u00e9s riaszt\u00f3val (felvillan\u00f3 f\u00e9nyjelz\u00e9s) van ell\u00e1tva.<\/p>\n","protected":false},"excerpt":{"rendered":"<p>F\u0171t\u00e9s + h\u0171t\u00e9s, l\u00e9gtechnika Az irodahelyis\u00e9gek f\u0171t\u00e9s\u00e9t \u00e9s h\u0171t\u00e9s\u00e9t 4 cs\u00f6ves fan-coil k\u00e9sz\u00fcl\u00e9kek l\u00e1tj\u00e1k el. Az irod\u00e1k friss leveg\u0151vel val\u00f3 ell\u00e1t\u00e1s\u00e1t mechanikus, h\u0151-visszanyer\u0151 l\u00e9gbef\u00fav\u00f3 &hellip; <a href=\"https:\/\/northpointcenter.hu\/?page_id=34\" class=\"readmore\">More <span class=\"screen-reader-text\">M\u0171szaki le\u00edr\u00e1s<\/span> &raquo;<\/a><\/p>\n","protected":false},"author":1,"featured_media":0,"parent":0,"menu_order":0,"comment_status":"closed","ping_status":"closed","template":"","meta":{"footnotes":""},"class_list":["post-34","page","type-page","status-publish","hentry"],"_links":{"self":[{"href":"https:\/\/northpointcenter.hu\/index.php?rest_route=\/wp\/v2\/pages\/34","targetHints":{"allow":["GET"]}}],"collection":[{"href":"https:\/\/northpointcenter.hu\/index.php?rest_route=\/wp\/v2\/pages"}],"about":[{"href":"https:\/\/northpointcenter.hu\/index.php?rest_route=\/wp\/v2\/types\/page"}],"author":[{"embeddable":true,"href":"https:\/\/northpointcenter.hu\/index.php?rest_route=\/wp\/v2\/users\/1"}],"replies":[{"embeddable":true,"href":"https:\/\/northpointcenter.hu\/index.php?rest_route=%2Fwp%2Fv2%2Fcomments&post=34"}],"version-history":[{"count":3,"href":"https:\/\/northpointcenter.hu\/index.php?rest_route=\/wp\/v2\/pages\/34\/revisions"}],"predecessor-version":[{"id":164,"href":"https:\/\/northpointcenter.hu\/index.php?rest_route=\/wp\/v2\/pages\/34\/revisions\/164"}],"wp:attachment":[{"href":"https:\/\/northpointcenter.hu\/index.php?rest_route=%2Fwp%2Fv2%2Fmedia&parent=34"}],"curies":[{"name":"wp","href":"https:\/\/api.w.org\/{rel}","templated":true}]}}