{"id":32,"date":"2021-11-18T14:14:11","date_gmt":"2021-11-18T14:14:11","guid":{"rendered":"https:\/\/northpointcenter.hu\/?page_id=32"},"modified":"2026-03-17T09:36:30","modified_gmt":"2026-03-17T09:36:30","slug":"berleti-informaciok","status":"publish","type":"page","link":"https:\/\/northpointcenter.hu\/?page_id=32","title":{"rendered":"B\u00e9rleti inform\u00e1ci\u00f3k"},"content":{"rendered":"\n<h2 class=\"wp-block-heading\">Ter\u00fclet:<\/h2>\n\n\n\n<h3 class=\"wp-block-heading\">Parkol\u00f3helyek:<\/h3>\n\n\n\n<figure class=\"wp-block-table\"><table><tbody><tr><td>A hasznos\u00edthat\u00f3 ter\u00fclet \u00f6sszesen:<\/td><td>4.750 m\u00b2<\/td><\/tr><tr><td>102 parkol\u00f3hely tal\u00e1lhat\u00f3 a gar\u00e1zsban.<\/td><\/tr><tr><td>Ebb\u0151l el\u00e9rhet\u0151:<\/td><td>40 db<\/td><\/tr><tr><td>A felsz\u00edni parkol\u00f3helyek sz\u00e1ma 14<\/td><\/tr><tr><td>Ebb\u0151l el\u00e9rhet\u0151:<\/td><td>5 db<\/td><\/tr><tr><td><strong>B\u00e9relhet\u0151 \u00f6sszes parkol\u00f3hely:<\/strong><\/td><td><strong>45 db<\/strong><\/td><\/tr><\/tbody><\/table><\/figure>\n\n\n\n<hr class=\"wp-block-separator has-css-opacity\"\/>\n\n\n\n<h3 class=\"wp-block-heading\">Parkol\u00f3 b\u00e9rleti d\u00edj:<\/h3>\n\n\n\n<figure class=\"wp-block-table\"><table><tbody><tr><td>Gar\u00e1zs:<\/td><td><strong>90<\/strong> EUR \/ gk\/ h\u00f3 + \u00c1FA<\/td><\/tr><tr><td>Udvar:<\/td><td><strong>55<\/strong> EUR \/ gk\/ h\u00f3 + \u00c1FA<\/td><\/tr><\/tbody><\/table><\/figure>\n\n\n\n<h3 class=\"wp-block-heading\">B\u00e9relhet\u0151 irodater\u00fclet k\u00f6z\u00f6s ter\u00fcleti szorz\u00f3val:<\/h3>\n\n\n\n<figure class=\"wp-block-table\"><table><tbody><tr><td>1.<\/td><td>emelet: 4-5<\/td><td>1134 m\u00b2 &nbsp;&nbsp;&nbsp;&nbsp;&nbsp;&nbsp;&nbsp;&nbsp;&nbsp;&nbsp;&nbsp;&nbsp;&nbsp;&nbsp;<\/td><td>\u201eA\u201d<\/td><td>oldal<\/td><\/tr><tr><td>2.<\/td><td>emelet: 1<\/td><td>200 m\u00b2&nbsp;<\/td><td>\u201eC\u201d<\/td><td>oldal<\/td><\/tr><tr><td>3.<\/td><td>emelet: 2<\/td><td>105 m\u00b2 <\/td><td>\u201eC\u201d<\/td><td>oldal<\/td><\/tr><tr><td>4.<\/td><td>emelet: 3<\/td><td>0 m\u00b2 &nbsp;&nbsp;&nbsp;&nbsp; &nbsp; &nbsp;&nbsp;&nbsp;&nbsp;&nbsp;&nbsp;&nbsp;&nbsp;&nbsp;&nbsp;&nbsp;<\/td><td>\u201eB+C\u201d<\/td><td>oldal<\/td><\/tr><tr><td>5.<\/td><td>emelet: 4<\/td><td> 319 m\u00b2  &nbsp;&nbsp;&nbsp;&nbsp;&nbsp;&nbsp;&nbsp;&nbsp;&nbsp;&nbsp;&nbsp;&nbsp;&nbsp;&nbsp;&nbsp;&nbsp;&nbsp;<\/td><td>\u201eC\u201d<\/td><td>oldal<\/td><\/tr><tr><td>6.<\/td><td>emelet: 5<\/td><td>92&nbsp;m\u00b2&nbsp; &nbsp;&nbsp;&nbsp;&nbsp;<\/td><td>\u201eC\u201d<\/td><td>oldal<\/td><\/tr><tr><td>&nbsp;7.<\/td><td>emelet: 5<\/td><td>0 m\u00b2&nbsp;&nbsp;&nbsp;&nbsp;&nbsp;&nbsp;&nbsp;&nbsp;&nbsp;&nbsp;&nbsp;&nbsp;&nbsp;&nbsp;&nbsp;<\/td><td>&nbsp;\u201eB\u201d<\/td><td>oldal<\/td><\/tr><\/tbody><\/table><\/figure>\n\n\n\n<hr class=\"wp-block-separator has-css-opacity\"\/>\n\n\n\n<h3 class=\"wp-block-heading\">B\u00e9rleti d\u00edj:<\/h3>\n\n\n\n<figure class=\"wp-block-table\"><table><tbody><tr><td><strong>\u201eA+B+C\u201d oldal<\/strong>&nbsp;<\/td><td><strong>8,5<\/strong>\u00a0EUR \/ m\u00b2 \/ h\u00f3 + \u00c1FA<\/td><\/tr><\/tbody><\/table><\/figure>\n\n\n\n<h3 class=\"wp-block-heading\">Fenntart\u00e1si k\u00f6lts\u00e9g<\/h3>\n\n\n\n<figure class=\"wp-block-table\"><table><tbody><tr><td><strong>\u201eA+B+C\u201d oldal<\/strong>&nbsp;<\/td><td><strong>5<\/strong> EUR \/ m\u00b2 \/ h\u00f3 + \u00c1FA<\/td><\/tr><\/tbody><\/table><\/figure>\n\n\n\n<h3 class=\"wp-block-heading\">Elektromos fogyaszt\u00e1s:<\/h3>\n\n\n\n<figure class=\"wp-block-table\"><table><tbody><tr><td><strong>&#8220;A+B+C&#8221; oldal &nbsp;<\/strong><\/td><td><strong>2,85<\/strong> EUR\/m2\/h\u00f3 + \u00c1FA<\/td><\/tr><\/tbody><\/table><\/figure>\n\n\n\n<p><\/p>\n","protected":false},"excerpt":{"rendered":"<p>Ter\u00fclet: Parkol\u00f3helyek: A hasznos\u00edthat\u00f3 ter\u00fclet \u00f6sszesen: 4.750 m\u00b2 102 parkol\u00f3hely tal\u00e1lhat\u00f3 a gar\u00e1zsban. Ebb\u0151l el\u00e9rhet\u0151: 40 db A felsz\u00edni parkol\u00f3helyek sz\u00e1ma 14 Ebb\u0151l el\u00e9rhet\u0151: &hellip; <a href=\"https:\/\/northpointcenter.hu\/?page_id=32\" class=\"readmore\">More <span class=\"screen-reader-text\">B\u00e9rleti inform\u00e1ci\u00f3k<\/span> &raquo;<\/a><\/p>\n","protected":false},"author":1,"featured_media":0,"parent":0,"menu_order":0,"comment_status":"closed","ping_status":"closed","template":"","meta":{"footnotes":""},"class_list":["post-32","page","type-page","status-publish","hentry"],"_links":{"self":[{"href":"https:\/\/northpointcenter.hu\/index.php?rest_route=\/wp\/v2\/pages\/32","targetHints":{"allow":["GET"]}}],"collection":[{"href":"https:\/\/northpointcenter.hu\/index.php?rest_route=\/wp\/v2\/pages"}],"about":[{"href":"https:\/\/northpointcenter.hu\/index.php?rest_route=\/wp\/v2\/types\/page"}],"author":[{"embeddable":true,"href":"https:\/\/northpointcenter.hu\/index.php?rest_route=\/wp\/v2\/users\/1"}],"replies":[{"embeddable":true,"href":"https:\/\/northpointcenter.hu\/index.php?rest_route=%2Fwp%2Fv2%2Fcomments&post=32"}],"version-history":[{"count":17,"href":"https:\/\/northpointcenter.hu\/index.php?rest_route=\/wp\/v2\/pages\/32\/revisions"}],"predecessor-version":[{"id":337,"href":"https:\/\/northpointcenter.hu\/index.php?rest_route=\/wp\/v2\/pages\/32\/revisions\/337"}],"wp:attachment":[{"href":"https:\/\/northpointcenter.hu\/index.php?rest_route=%2Fwp%2Fv2%2Fmedia&parent=32"}],"curies":[{"name":"wp","href":"https:\/\/api.w.org\/{rel}","templated":true}]}}