{"id":27,"date":"2021-11-18T14:11:29","date_gmt":"2021-11-18T14:11:29","guid":{"rendered":"https:\/\/northpointcenter.hu\/?page_id=27"},"modified":"2026-03-17T09:30:12","modified_gmt":"2026-03-17T09:30:12","slug":"kis-irodak","status":"publish","type":"page","link":"https:\/\/northpointcenter.hu\/?page_id=27","title":{"rendered":"Kiad\u00f3 iroda"},"content":{"rendered":"\n<h2 class=\"wp-block-heading\">KIAD\u00d3 IRODATER\u00dcLETEK<\/h2>\n\n\n\n<p>&nbsp;<\/p>\n\n\n\n<p>L\u00e9gkondicion\u00e1lt, panor\u00e1m\u00e1s irod\u00e1k azonnali bek\u00f6lt\u00f6z\u00e9ssel b\u00e9relhet\u0151k.<\/p>\n\n\n\n<ul class=\"wp-block-list\">\n<li>M\u00e9retek: 26-1250 m\u00b2<\/li>\n\n\n\n<li>B\u00e9rleti d\u00edj: 8,50 EUR\/m2\/h\u00f3+\u00c1FA<\/li>\n\n\n\n<li>\u00dczemeltet\u00e9si k\u00f6lts\u00e9g: 5 EUR\/m2\/h\u00f3+\u00c1FA<\/li>\n\n\n\n<li>Energia el\u0151leg k\u00f6lts\u00e9g: 2.85 EUR\/m2\/h\u00f3+\u00c1FA<\/li>\n<\/ul>\n\n\n\n<p><\/p>\n","protected":false},"excerpt":{"rendered":"<p>KIAD\u00d3 IRODATER\u00dcLETEK &nbsp; L\u00e9gkondicion\u00e1lt, panor\u00e1m\u00e1s irod\u00e1k azonnali bek\u00f6lt\u00f6z\u00e9ssel b\u00e9relhet\u0151k.<\/p>\n","protected":false},"author":1,"featured_media":0,"parent":0,"menu_order":0,"comment_status":"closed","ping_status":"closed","template":"","meta":{"footnotes":""},"class_list":["post-27","page","type-page","status-publish","hentry"],"_links":{"self":[{"href":"https:\/\/northpointcenter.hu\/index.php?rest_route=\/wp\/v2\/pages\/27","targetHints":{"allow":["GET"]}}],"collection":[{"href":"https:\/\/northpointcenter.hu\/index.php?rest_route=\/wp\/v2\/pages"}],"about":[{"href":"https:\/\/northpointcenter.hu\/index.php?rest_route=\/wp\/v2\/types\/page"}],"author":[{"embeddable":true,"href":"https:\/\/northpointcenter.hu\/index.php?rest_route=\/wp\/v2\/users\/1"}],"replies":[{"embeddable":true,"href":"https:\/\/northpointcenter.hu\/index.php?rest_route=%2Fwp%2Fv2%2Fcomments&post=27"}],"version-history":[{"count":13,"href":"https:\/\/northpointcenter.hu\/index.php?rest_route=\/wp\/v2\/pages\/27\/revisions"}],"predecessor-version":[{"id":335,"href":"https:\/\/northpointcenter.hu\/index.php?rest_route=\/wp\/v2\/pages\/27\/revisions\/335"}],"wp:attachment":[{"href":"https:\/\/northpointcenter.hu\/index.php?rest_route=%2Fwp%2Fv2%2Fmedia&parent=27"}],"curies":[{"name":"wp","href":"https:\/\/api.w.org\/{rel}","templated":true}]}}