{"id":24,"date":"2021-11-18T14:09:25","date_gmt":"2021-11-18T14:09:25","guid":{"rendered":"https:\/\/northpointcenter.hu\/?page_id=24"},"modified":"2026-03-17T09:26:20","modified_gmt":"2026-03-17T09:26:20","slug":"bemutatkozas","status":"publish","type":"page","link":"https:\/\/northpointcenter.hu\/","title":{"rendered":"Bemutatkoz\u00e1s"},"content":{"rendered":"\n<p>A North Point Center Budapest XIII. ker\u00fclet\u00e9ben, a R\u00f3bert K\u00e1roly k\u00f6r\u00fat 64-66. sz\u00e1m alatt, a Csata utca sark\u00e1n tal\u00e1lhat\u00f3. Tulajdonosa a R\u00f3bert K\u00e1roly krt. Irodah\u00e1z Kft., amely a Raiffeisen Property Management GmbH nev\u0171 osztr\u00e1k c\u00e9g 100%-os tulajdona.<\/p>\n\n\n\n<h2 class=\"wp-block-heading\">Az \u00e9p\u00fclet<\/h2>\n\n\n\n<p>Az 1998. m\u00e1rcius\u00e1ban l\u00e9tes\u00fclt, betonac\u00e9l v\u00e1zszerkezet\u0171 \u00e9p\u00fclet f\u00f6ldszintb\u0151l \u00e9s \u00f6t emeleti szintb\u0151l \u00e1ll.\u2028A homlokzat ablaksorokkal tark\u00edtott, porsz\u00f3rt alum\u00edniumprofilokb\u00f3l \u00e1ll\u00f3 alum\u00edniumszerkezet. A bels\u0151 tart\u00f3falak vasbetonb\u00f3l k\u00e9sz\u00fcltek, m\u00edg az irod\u00e1kat elv\u00e1laszt\u00f3 v\u00e1laszfalak mindk\u00e9t oldalukon f\u00e9mlemezzel bevont, 10 cm vastag gipszkarton falakb\u00f3l \u00e1llnak. A trap\u00e9zlemezzel fedett k\u00f6rtet\u0151s szerkezet hidegtet\u0151k\u00e9nt k\u00e9sz\u00fclt.<\/p>\n\n\n\n<h2 class=\"wp-block-heading\">Az ingatlan ter\u00fcleti feloszt\u00e1sa<\/h2>\n\n\n\n<p>Az \u00e9p\u00fclet A-B-C r\u00e9sz\u00e9ben az A oldalon 1 felvon\u00f3, a B-C oldalon 1 felvon\u00f3 \u00e1ll rendelkez\u00e9sre. 2020-ban \u00faj liftek ker\u00fcltek be\u00e9p\u00edt\u00e9sre. Az \u00e9p\u00fclet als\u00f3 k\u00e9t szintj\u00e9n bels\u0151 gar\u00e1zs ker\u00fclt kialak\u00edt\u00e1sra mind\u00f6sszesen 102 parkol\u00f3val. Az irodah\u00e1z alj\u00e1ban egy \u00d6MV t\u00f6lt\u0151\u00e1llom\u00e1s \u00fczemel, SPAR Express shoppal. A k\u00f6z\u00e9ps\u0151 szinten foglal helyet a TritonLife Mag\u00e1nk\u00f3rh\u00e1z j\u00e1r\u00f3beteg ell\u00e1t\u00f3 int\u00e9zete.<\/p>\n\n\n\n<figure class=\"wp-block-image\"><img loading=\"lazy\" decoding=\"async\" width=\"851\" height=\"590\" src=\"https:\/\/northpointcenter.hu\/wp-content\/uploads\/2012\/01\/irodahaz.jpg\" alt=\"irodahaz\" class=\"wp-image-1\" srcset=\"https:\/\/northpointcenter.hu\/wp-content\/uploads\/2012\/01\/irodahaz.jpg 851w, https:\/\/northpointcenter.hu\/wp-content\/uploads\/2012\/01\/irodahaz-600x416.jpg 600w, https:\/\/northpointcenter.hu\/wp-content\/uploads\/2012\/01\/irodahaz-300x208.jpg 300w, https:\/\/northpointcenter.hu\/wp-content\/uploads\/2012\/01\/irodahaz-768x532.jpg 768w\" sizes=\"auto, (max-width: 851px) 100vw, 851px\" \/><\/figure>\n\n\n\n<p>\u00a0A biztons\u00e1gos irodah\u00e1zak\/munkahelyek l\u00e9tes\u00edtm\u00e9nyek ellen\u0151rz\u00e9s\u00e9vel foglalkoz\u00f3 nemzetk\u00f6zi szervezet, a sv\u00e9d Safe Asset Group a North Point Center irodah\u00e1zban a Covid elleni v\u00e9dekez\u00e9s megfelel\u0151s\u00e9g\u00e9t vizsg\u00e1lta. Az irodah\u00e1z szigor\u00fa el\u0151\u00edr\u00e1sokat teljes\u00edtett annak \u00e9rdek\u00e9ben, hogy a nemzetk\u00f6zi sztenderdek szerint is megfeleljen a koronav\u00edrus j\u00e1rv\u00e1ny kock\u00e1zataival val\u00f3 egy\u00fctt\u00e9l\u00e9sre. 2025-ben a min\u0151s\u00edt\u00e9s meg\u00faj\u00edt\u00e1sra ker\u00fclt.<br><\/p>\n\n\n\n<figure class=\"wp-block-image size-large\"><img loading=\"lazy\" decoding=\"async\" width=\"725\" height=\"1024\" src=\"https:\/\/northpointcenter.hu\/wp-content\/uploads\/2025\/01\/RK_Certificate_Shore_safe-asset_NPC_20241113_page-0001-725x1024.jpg\" alt=\"\" class=\"wp-image-289\" srcset=\"https:\/\/northpointcenter.hu\/wp-content\/uploads\/2025\/01\/RK_Certificate_Shore_safe-asset_NPC_20241113_page-0001-725x1024.jpg 725w, https:\/\/northpointcenter.hu\/wp-content\/uploads\/2025\/01\/RK_Certificate_Shore_safe-asset_NPC_20241113_page-0001-212x300.jpg 212w, https:\/\/northpointcenter.hu\/wp-content\/uploads\/2025\/01\/RK_Certificate_Shore_safe-asset_NPC_20241113_page-0001-768x1085.jpg 768w, https:\/\/northpointcenter.hu\/wp-content\/uploads\/2025\/01\/RK_Certificate_Shore_safe-asset_NPC_20241113_page-0001-1087x1536.jpg 1087w, https:\/\/northpointcenter.hu\/wp-content\/uploads\/2025\/01\/RK_Certificate_Shore_safe-asset_NPC_20241113_page-0001.jpg 1241w\" sizes=\"auto, (max-width: 725px) 100vw, 725px\" \/><\/figure>\n\n\n\n<p>2024-ben az \u00e9p\u00fclet elnyerte az Access4You min\u0151s\u00edt\u00e9si rendszer &#8220;Ez\u00fcst&#8221; fokozat\u00e1t, melynek \u00e9rtelm\u00e9ben a North Point Center akad\u00e1lymentesen haszn\u00e1lhat\u00f3 k\u00f6rnyezetben v\u00e1rja az ide \u00e9rkez\u0151 kerekessz\u00e9kes, id\u0151s \u00e9s mozg\u00e1s\u00e1ban korl\u00e1tozott, babakocsival k\u00f6zleked\u0151, gyeng\u00e9nl\u00e1t\u00f3 \u00e9s kognit\u00edv zavarral \u00e9l\u0151 l\u00e1togat\u00f3kat.<\/p>\n\n\n\n<figure class=\"wp-block-image size-large\"><img loading=\"lazy\" decoding=\"async\" width=\"1024\" height=\"734\" src=\"https:\/\/northpointcenter.hu\/wp-content\/uploads\/2025\/01\/HU_Access4You_Ezust_Tanusitvany_NorthPointCenter_page-0001-1024x734.jpg\" alt=\"\" class=\"wp-image-305\" srcset=\"https:\/\/northpointcenter.hu\/wp-content\/uploads\/2025\/01\/HU_Access4You_Ezust_Tanusitvany_NorthPointCenter_page-0001-1024x734.jpg 1024w, https:\/\/northpointcenter.hu\/wp-content\/uploads\/2025\/01\/HU_Access4You_Ezust_Tanusitvany_NorthPointCenter_page-0001-300x215.jpg 300w, https:\/\/northpointcenter.hu\/wp-content\/uploads\/2025\/01\/HU_Access4You_Ezust_Tanusitvany_NorthPointCenter_page-0001-768x551.jpg 768w, https:\/\/northpointcenter.hu\/wp-content\/uploads\/2025\/01\/HU_Access4You_Ezust_Tanusitvany_NorthPointCenter_page-0001-1536x1101.jpg 1536w, https:\/\/northpointcenter.hu\/wp-content\/uploads\/2025\/01\/HU_Access4You_Ezust_Tanusitvany_NorthPointCenter_page-0001.jpg 1813w\" sizes=\"auto, (max-width: 1024px) 100vw, 1024px\" \/><\/figure>\n","protected":false},"excerpt":{"rendered":"<p>A North Point Center Budapest XIII. ker\u00fclet\u00e9ben, a R\u00f3bert K\u00e1roly k\u00f6r\u00fat 64-66. sz\u00e1m alatt, a Csata utca sark\u00e1n tal\u00e1lhat\u00f3. Tulajdonosa a R\u00f3bert K\u00e1roly krt. &hellip; <a href=\"https:\/\/northpointcenter.hu\/\" class=\"readmore\">More <span class=\"screen-reader-text\">Bemutatkoz\u00e1s<\/span> &raquo;<\/a><\/p>\n","protected":false},"author":1,"featured_media":0,"parent":0,"menu_order":0,"comment_status":"closed","ping_status":"closed","template":"","meta":{"footnotes":""},"class_list":["post-24","page","type-page","status-publish","hentry"],"_links":{"self":[{"href":"https:\/\/northpointcenter.hu\/index.php?rest_route=\/wp\/v2\/pages\/24","targetHints":{"allow":["GET"]}}],"collection":[{"href":"https:\/\/northpointcenter.hu\/index.php?rest_route=\/wp\/v2\/pages"}],"about":[{"href":"https:\/\/northpointcenter.hu\/index.php?rest_route=\/wp\/v2\/types\/page"}],"author":[{"embeddable":true,"href":"https:\/\/northpointcenter.hu\/index.php?rest_route=\/wp\/v2\/users\/1"}],"replies":[{"embeddable":true,"href":"https:\/\/northpointcenter.hu\/index.php?rest_route=%2Fwp%2Fv2%2Fcomments&post=24"}],"version-history":[{"count":14,"href":"https:\/\/northpointcenter.hu\/index.php?rest_route=\/wp\/v2\/pages\/24\/revisions"}],"predecessor-version":[{"id":332,"href":"https:\/\/northpointcenter.hu\/index.php?rest_route=\/wp\/v2\/pages\/24\/revisions\/332"}],"wp:attachment":[{"href":"https:\/\/northpointcenter.hu\/index.php?rest_route=%2Fwp%2Fv2%2Fmedia&parent=24"}],"curies":[{"name":"wp","href":"https:\/\/api.w.org\/{rel}","templated":true}]}}