{"id":235,"date":"2024-02-09T09:51:59","date_gmt":"2024-02-09T09:51:59","guid":{"rendered":"https:\/\/northpointcenter.hu\/?page_id=235"},"modified":"2024-02-09T09:51:59","modified_gmt":"2024-02-09T09:51:59","slug":"kapcsolat","status":"publish","type":"page","link":"https:\/\/northpointcenter.hu\/?page_id=235","title":{"rendered":"Kapcsolat"},"content":{"rendered":"\n<figure class=\"wp-block-image size-full\"><img loading=\"lazy\" decoding=\"async\" width=\"851\" height=\"590\" src=\"https:\/\/northpointcenter.hu\/wp-content\/uploads\/2024\/02\/irodahaz.jpg\" alt=\"\" class=\"wp-image-236\" srcset=\"https:\/\/northpointcenter.hu\/wp-content\/uploads\/2024\/02\/irodahaz.jpg 851w, https:\/\/northpointcenter.hu\/wp-content\/uploads\/2024\/02\/irodahaz-300x208.jpg 300w, https:\/\/northpointcenter.hu\/wp-content\/uploads\/2024\/02\/irodahaz-768x532.jpg 768w\" sizes=\"auto, (max-width: 851px) 100vw, 851px\" \/><\/figure>\n\n\n\n<h2 class=\"wp-block-heading\"><strong>C\u00edm<\/strong><\/h2>\n\n\n\n<p>1134 Budapest<\/p>\n\n\n\n<p>R\u00f3bert K\u00e1roly k\u00f6r\u00fat 64-66.<\/p>\n\n\n<div class=\"wpforms-container wpforms-container-full wpforms-block wpforms-block-0e798d75-2618-4fa5-8309-755c16c04939\" id=\"wpforms-180\"><form id=\"wpforms-form-180\" class=\"wpforms-validate wpforms-form wpforms-ajax-form\" data-formid=\"180\" method=\"post\" enctype=\"multipart\/form-data\" action=\"\/index.php?rest_route=%2Fwp%2Fv2%2Fpages%2F235\" data-token=\"2d2323fc54b2d60ab34e69c69281783a\" data-token-time=\"1776630107\"><noscript class=\"wpforms-error-noscript\">Please enable JavaScript in your browser to complete this form.<\/noscript><div class=\"wpforms-field-container\"><div id=\"wpforms-180-field_0-container\" class=\"wpforms-field wpforms-field-name\" data-field-id=\"0\"><label class=\"wpforms-field-label\" for=\"wpforms-180-field_0\">N\u00e9v <span class=\"wpforms-required-label\">*<\/span><\/label><div class=\"wpforms-field-row wpforms-field-medium\"><div class=\"wpforms-field-row-block wpforms-first wpforms-one-half\"><input type=\"text\" id=\"wpforms-180-field_0\" class=\"wpforms-field-name-first wpforms-field-required\" name=\"wpforms[fields][0][first]\" placeholder=\"Keresztn\u00e9v\" required><label for=\"wpforms-180-field_0\" class=\"wpforms-field-sublabel after wpforms-sublabel-hide\">First<\/label><\/div><div class=\"wpforms-field-row-block wpforms-one-half\"><input type=\"text\" id=\"wpforms-180-field_0-last\" class=\"wpforms-field-name-last wpforms-field-required\" name=\"wpforms[fields][0][last]\" placeholder=\"Vezet\u00e9kn\u00e9v\" required><label for=\"wpforms-180-field_0-last\" class=\"wpforms-field-sublabel after wpforms-sublabel-hide\">Last<\/label><\/div><\/div><\/div><div id=\"wpforms-180-field_1-container\" class=\"wpforms-field wpforms-field-email\" data-field-id=\"1\"><label class=\"wpforms-field-label\" for=\"wpforms-180-field_1\">Email c\u00edm <span class=\"wpforms-required-label\">*<\/span><\/label><input type=\"email\" id=\"wpforms-180-field_1\" class=\"wpforms-field-medium wpforms-field-required\" name=\"wpforms[fields][1]\" spellcheck=\"false\" required><\/div><div id=\"wpforms-180-field_2-container\" class=\"wpforms-field wpforms-field-textarea\" data-field-id=\"2\"><label class=\"wpforms-field-label\" for=\"wpforms-180-field_2\">\u00dczenet <span class=\"wpforms-required-label\">*<\/span><\/label><textarea id=\"wpforms-180-field_2\" class=\"wpforms-field-medium wpforms-field-required\" name=\"wpforms[fields][2]\" required><\/textarea><\/div><\/div><!-- .wpforms-field-container --><div class=\"wpforms-recaptcha-container wpforms-is-recaptcha wpforms-is-recaptcha-type-v3\" ><input type=\"hidden\" name=\"wpforms[recaptcha]\" value=\"\"><\/div><div class=\"wpforms-submit-container\" ><input type=\"hidden\" name=\"wpforms[id]\" value=\"180\"><input type=\"hidden\" name=\"page_title\" value=\"\"><input type=\"hidden\" name=\"page_url\" value=\"https:\/\/northpointcenter.hu\/index.php?rest_route=\/wp\/v2\/pages\/235\"><input type=\"hidden\" name=\"url_referer\" value=\"\"><button type=\"submit\" name=\"wpforms[submit]\" id=\"wpforms-submit-180\" class=\"wpforms-submit\" data-alt-text=\"Folyamatban...\" data-submit-text=\"K\u00fcld\u00e9s\" aria-live=\"assertive\" value=\"wpforms-submit\">K\u00fcld\u00e9s<\/button><img loading=\"lazy\" decoding=\"async\" src=\"https:\/\/northpointcenter.hu\/wp-content\/plugins\/wpforms-lite\/assets\/images\/submit-spin.svg\" class=\"wpforms-submit-spinner\" style=\"display: none;\" width=\"26\" height=\"26\" alt=\"Loading\"><\/div><\/form><\/div>  <!-- .wpforms-container -->","protected":false},"excerpt":{"rendered":"<p>C\u00edm 1134 Budapest R\u00f3bert K\u00e1roly k\u00f6r\u00fat 64-66.<\/p>\n","protected":false},"author":1,"featured_media":0,"parent":0,"menu_order":0,"comment_status":"closed","ping_status":"closed","template":"","meta":{"footnotes":""},"class_list":["post-235","page","type-page","status-publish","hentry"],"_links":{"self":[{"href":"https:\/\/northpointcenter.hu\/index.php?rest_route=\/wp\/v2\/pages\/235","targetHints":{"allow":["GET"]}}],"collection":[{"href":"https:\/\/northpointcenter.hu\/index.php?rest_route=\/wp\/v2\/pages"}],"about":[{"href":"https:\/\/northpointcenter.hu\/index.php?rest_route=\/wp\/v2\/types\/page"}],"author":[{"embeddable":true,"href":"https:\/\/northpointcenter.hu\/index.php?rest_route=\/wp\/v2\/users\/1"}],"replies":[{"embeddable":true,"href":"https:\/\/northpointcenter.hu\/index.php?rest_route=%2Fwp%2Fv2%2Fcomments&post=235"}],"version-history":[{"count":1,"href":"https:\/\/northpointcenter.hu\/index.php?rest_route=\/wp\/v2\/pages\/235\/revisions"}],"predecessor-version":[{"id":237,"href":"https:\/\/northpointcenter.hu\/index.php?rest_route=\/wp\/v2\/pages\/235\/revisions\/237"}],"wp:attachment":[{"href":"https:\/\/northpointcenter.hu\/index.php?rest_route=%2Fwp%2Fv2%2Fmedia&parent=235"}],"curies":[{"name":"wp","href":"https:\/\/api.w.org\/{rel}","templated":true}]}}